{"id":89,"date":"2021-08-24T12:11:09","date_gmt":"2021-08-24T10:11:09","guid":{"rendered":"https:\/\/www.cynowildacademy.fr\/?page_id=89"},"modified":"2024-10-10T09:39:05","modified_gmt":"2024-10-10T07:39:05","slug":"qualifications","status":"publish","type":"page","link":"https:\/\/www.cynowildacademy.fr\/index.php\/qualifications\/","title":{"rendered":"Qualifications"},"content":{"rendered":"\t\t<div data-elementor-type=\"wp-page\" data-elementor-id=\"89\" class=\"elementor elementor-89\">\n\t\t\t\t\t\t<section class=\"elementor-section elementor-top-section elementor-element elementor-element-9560d16 elementor-section-boxed elementor-section-height-default elementor-section-height-default\" data-id=\"9560d16\" data-element_type=\"section\">\n\t\t\t\t\t\t<div class=\"elementor-container elementor-column-gap-default\">\n\t\t\t\t\t<div class=\"elementor-column elementor-col-100 elementor-top-column elementor-element elementor-element-a66f2c3\" data-id=\"a66f2c3\" data-element_type=\"column\">\n\t\t\t<div class=\"elementor-widget-wrap elementor-element-populated\">\n\t\t\t\t\t\t<div class=\"elementor-element elementor-element-82e199f elementor-widget elementor-widget-heading\" data-id=\"82e199f\" data-element_type=\"widget\" data-widget_type=\"heading.default\">\n\t\t\t\t<div class=\"elementor-widget-container\">\n\t\t\t<style>\/*! elementor - v3.23.0 - 05-08-2024 *\/\n.elementor-heading-title{padding:0;margin:0;line-height:1}.elementor-widget-heading .elementor-heading-title[class*=elementor-size-]>a{color:inherit;font-size:inherit;line-height:inherit}.elementor-widget-heading .elementor-heading-title.elementor-size-small{font-size:15px}.elementor-widget-heading .elementor-heading-title.elementor-size-medium{font-size:19px}.elementor-widget-heading .elementor-heading-title.elementor-size-large{font-size:29px}.elementor-widget-heading .elementor-heading-title.elementor-size-xl{font-size:39px}.elementor-widget-heading .elementor-heading-title.elementor-size-xxl{font-size:59px}<\/style><h2 class=\"elementor-heading-title elementor-size-default\">Qualifications<\/h2>\t\t<\/div>\n\t\t\t\t<\/div>\n\t\t\t\t\t<\/div>\n\t\t<\/div>\n\t\t\t\t\t<\/div>\n\t\t<\/section>\n\t\t\t\t<section class=\"elementor-section elementor-top-section elementor-element elementor-element-bde64f5 elementor-section-boxed elementor-section-height-default elementor-section-height-default\" data-id=\"bde64f5\" data-element_type=\"section\">\n\t\t\t\t\t\t<div class=\"elementor-container elementor-column-gap-default\">\n\t\t\t\t\t<div class=\"elementor-column elementor-col-50 elementor-top-column elementor-element elementor-element-38ef222\" data-id=\"38ef222\" data-element_type=\"column\">\n\t\t\t<div class=\"elementor-widget-wrap elementor-element-populated\">\n\t\t\t\t\t\t<div class=\"elementor-element elementor-element-ca92bda elementor-widget elementor-widget-text-editor\" data-id=\"ca92bda\" data-element_type=\"widget\" data-widget_type=\"text-editor.default\">\n\t\t\t\t<div class=\"elementor-widget-container\">\n\t\t\t<style>\/*! elementor - v3.23.0 - 05-08-2024 *\/\n.elementor-widget-text-editor.elementor-drop-cap-view-stacked .elementor-drop-cap{background-color:#69727d;color:#fff}.elementor-widget-text-editor.elementor-drop-cap-view-framed .elementor-drop-cap{color:#69727d;border:3px solid;background-color:transparent}.elementor-widget-text-editor:not(.elementor-drop-cap-view-default) .elementor-drop-cap{margin-top:8px}.elementor-widget-text-editor:not(.elementor-drop-cap-view-default) .elementor-drop-cap-letter{width:1em;height:1em}.elementor-widget-text-editor .elementor-drop-cap{float:left;text-align:center;line-height:1;font-size:50px}.elementor-widget-text-editor .elementor-drop-cap-letter{display:inline-block}<\/style>\t\t\t\t<p><span style=\"text-decoration: underline;\"><strong>William<\/strong><\/span><\/p><ul><li>ACACED sp\u00e9cialit\u00e9 chiens<\/li><li>Formation chiens d&rsquo;assistance &#8211; CANISTANCE (pressoth\u00e9rapie, FMP, alerte de crise etc)<\/li><li>Stage intensif RCH (r\u00e9activit\u00e9 cong\u00e9n\u00e8res et humains) &#8211; J\u00e9r\u00e9my Serindat<\/li><li>Certification PECCRAM (Programme d&rsquo;\u00e9ducation \u00e0 la connaissance du chien et des risques d&rsquo;accidents et morsures) &#8211; FIMAC CANIN<\/li><li>Mission rappel &#8211; <em>Cynotopia<\/em><\/li><li>Secourisme canin &#8211; <em>F\u00e9d\u00e9ration Nationale de Protection Civile<\/em><\/li><li>Stage chiens peureux\/chiens r\u00e9actifs &#8211; <em>Dynamic Dogs France<\/em><\/li><li>Stage travail des auto-contr\u00f4les du chien &#8211; <em>Dynamic Dogs France<\/em><\/li><li>Le dico des signaux &#8211; Cynotopia<\/li><li>Formation Educateur canin <\/li><li>D\u00e9buter le canicross &#8211; <em>Muzo +<\/em><\/li><\/ul><p><span style=\"text-decoration: underline;\"><strong>Ma\u00eblia<\/strong><\/span><\/p><ul><li>Formation Educateur canin &#8211; <em>Centre Europ\u00e9en de formation<\/em><\/li><li>ACACED chiens et chats<\/li><li>Stage \u00e9ducation et comportement canin &#8211; <em>Cyno Wild Academy<\/em><\/li><li>Stage &#8211; <em>SPA<\/em><\/li><li>Soigneur animalier &#8211; <em>Refuge ARPA<\/em><\/li><\/ul>\t\t\t\t\t\t<\/div>\n\t\t\t\t<\/div>\n\t\t\t\t\t<\/div>\n\t\t<\/div>\n\t\t\t\t<div class=\"elementor-column elementor-col-50 elementor-top-column elementor-element elementor-element-2f54e71\" data-id=\"2f54e71\" data-element_type=\"column\">\n\t\t\t<div class=\"elementor-widget-wrap elementor-element-populated\">\n\t\t\t\t\t\t<div class=\"elementor-element elementor-element-20ee7bd elementor-widget elementor-widget-image\" data-id=\"20ee7bd\" data-element_type=\"widget\" data-widget_type=\"image.default\">\n\t\t\t\t<div class=\"elementor-widget-container\">\n\t\t\t<style>\/*! elementor - v3.23.0 - 05-08-2024 *\/\n.elementor-widget-image{text-align:center}.elementor-widget-image a{display:inline-block}.elementor-widget-image a img[src$=\".svg\"]{width:48px}.elementor-widget-image img{vertical-align:middle;display:inline-block}<\/style>\t\t\t\t\t\t\t\t\t\t<img fetchpriority=\"high\" decoding=\"async\" width=\"1024\" height=\"1024\" src=\"https:\/\/www.cynowildacademy.fr\/wp-content\/uploads\/2022\/01\/eru-1024x1024.png\" class=\"attachment-large size-large wp-image-469\" alt=\"\" srcset=\"https:\/\/www.cynowildacademy.fr\/wp-content\/uploads\/2022\/01\/eru-1024x1024.png 1024w, https:\/\/www.cynowildacademy.fr\/wp-content\/uploads\/2022\/01\/eru-300x300.png 300w, https:\/\/www.cynowildacademy.fr\/wp-content\/uploads\/2022\/01\/eru-150x150.png 150w, https:\/\/www.cynowildacademy.fr\/wp-content\/uploads\/2022\/01\/eru-768x768.png 768w, https:\/\/www.cynowildacademy.fr\/wp-content\/uploads\/2022\/01\/eru-1536x1536.png 1536w, https:\/\/www.cynowildacademy.fr\/wp-content\/uploads\/2022\/01\/eru-2048x2048.png 2048w\" sizes=\"(max-width: 1024px) 100vw, 1024px\" \/>\t\t\t\t\t\t\t\t\t\t\t\t\t<\/div>\n\t\t\t\t<\/div>\n\t\t\t\t\t<\/div>\n\t\t<\/div>\n\t\t\t\t\t<\/div>\n\t\t<\/section>\n\t\t\t\t<\/div>\n\t\t","protected":false},"excerpt":{"rendered":"<p>Qualifications William ACACED sp\u00e9cialit\u00e9 chiens Formation chiens d&rsquo;assistance &#8211; CANISTANCE (pressoth\u00e9rapie, FMP, alerte de crise etc) Stage intensif RCH (r\u00e9activit\u00e9 cong\u00e9n\u00e8res et humains) &#8211; J\u00e9r\u00e9my Serindat Certification PECCRAM (Programme d&rsquo;\u00e9ducation \u00e0 la connaissance du chien et des risques d&rsquo;accidents et morsures) &#8211; FIMAC CANIN Mission rappel &#8211; Cynotopia Secourisme canin &#8211; F\u00e9d\u00e9ration Nationale de Protection&hellip;&nbsp;<a href=\"https:\/\/www.cynowildacademy.fr\/index.php\/qualifications\/\" rel=\"bookmark\">Lire la suite &raquo;<span class=\"screen-reader-text\">Qualifications<\/span><\/a><\/p>\n","protected":false},"author":1,"featured_media":0,"parent":0,"menu_order":0,"comment_status":"closed","ping_status":"closed","template":"page-templates\/template-pagebuilder-full-width.php","meta":{"neve_meta_sidebar":"","neve_meta_container":"","neve_meta_enable_content_width":"","neve_meta_content_width":0,"neve_meta_title_alignment":"","neve_meta_author_avatar":"","neve_post_elements_order":"","neve_meta_disable_header":"","neve_meta_disable_footer":"","neve_meta_disable_title":"","footnotes":""},"class_list":["post-89","page","type-page","status-publish","hentry"],"_links":{"self":[{"href":"https:\/\/www.cynowildacademy.fr\/index.php\/wp-json\/wp\/v2\/pages\/89","targetHints":{"allow":["GET"]}}],"collection":[{"href":"https:\/\/www.cynowildacademy.fr\/index.php\/wp-json\/wp\/v2\/pages"}],"about":[{"href":"https:\/\/www.cynowildacademy.fr\/index.php\/wp-json\/wp\/v2\/types\/page"}],"author":[{"embeddable":true,"href":"https:\/\/www.cynowildacademy.fr\/index.php\/wp-json\/wp\/v2\/users\/1"}],"replies":[{"embeddable":true,"href":"https:\/\/www.cynowildacademy.fr\/index.php\/wp-json\/wp\/v2\/comments?post=89"}],"version-history":[{"count":41,"href":"https:\/\/www.cynowildacademy.fr\/index.php\/wp-json\/wp\/v2\/pages\/89\/revisions"}],"predecessor-version":[{"id":818,"href":"https:\/\/www.cynowildacademy.fr\/index.php\/wp-json\/wp\/v2\/pages\/89\/revisions\/818"}],"wp:attachment":[{"href":"https:\/\/www.cynowildacademy.fr\/index.php\/wp-json\/wp\/v2\/media?parent=89"}],"curies":[{"name":"wp","href":"https:\/\/api.w.org\/{rel}","templated":true}]}}