{"id":87,"date":"2021-08-24T12:10:46","date_gmt":"2021-08-24T10:10:46","guid":{"rendered":"https:\/\/www.cynowildacademy.fr\/?page_id=87"},"modified":"2021-10-17T11:48:02","modified_gmt":"2021-10-17T09:48:02","slug":"devenir-partenaire","status":"publish","type":"page","link":"https:\/\/www.cynowildacademy.fr\/index.php\/devenir-partenaire\/","title":{"rendered":"Devenir partenaire"},"content":{"rendered":"\t\t<div data-elementor-type=\"wp-page\" data-elementor-id=\"87\" class=\"elementor elementor-87\">\n\t\t\t\t\t\t<section class=\"elementor-section elementor-top-section elementor-element elementor-element-2ce1e86 elementor-section-boxed elementor-section-height-default elementor-section-height-default\" data-id=\"2ce1e86\" data-element_type=\"section\">\n\t\t\t\t\t\t<div class=\"elementor-container elementor-column-gap-default\">\n\t\t\t\t\t<div class=\"elementor-column elementor-col-100 elementor-top-column elementor-element elementor-element-d2bb440\" data-id=\"d2bb440\" data-element_type=\"column\">\n\t\t\t<div class=\"elementor-widget-wrap elementor-element-populated\">\n\t\t\t\t\t\t<div class=\"elementor-element elementor-element-108c494 elementor-widget elementor-widget-heading\" data-id=\"108c494\" data-element_type=\"widget\" data-widget_type=\"heading.default\">\n\t\t\t\t<div class=\"elementor-widget-container\">\n\t\t\t<style>\/*! elementor - v3.23.0 - 05-08-2024 *\/\n.elementor-heading-title{padding:0;margin:0;line-height:1}.elementor-widget-heading .elementor-heading-title[class*=elementor-size-]>a{color:inherit;font-size:inherit;line-height:inherit}.elementor-widget-heading .elementor-heading-title.elementor-size-small{font-size:15px}.elementor-widget-heading .elementor-heading-title.elementor-size-medium{font-size:19px}.elementor-widget-heading .elementor-heading-title.elementor-size-large{font-size:29px}.elementor-widget-heading .elementor-heading-title.elementor-size-xl{font-size:39px}.elementor-widget-heading .elementor-heading-title.elementor-size-xxl{font-size:59px}<\/style><h2 class=\"elementor-heading-title elementor-size-default\">Devenir partenaire<\/h2>\t\t<\/div>\n\t\t\t\t<\/div>\n\t\t\t\t\t<\/div>\n\t\t<\/div>\n\t\t\t\t\t<\/div>\n\t\t<\/section>\n\t\t\t\t<section class=\"elementor-section elementor-top-section elementor-element elementor-element-af156fa elementor-section-boxed elementor-section-height-default elementor-section-height-default\" data-id=\"af156fa\" data-element_type=\"section\">\n\t\t\t\t\t\t<div class=\"elementor-container elementor-column-gap-default\">\n\t\t\t\t\t<div class=\"elementor-column elementor-col-100 elementor-top-column elementor-element elementor-element-3ae1b6c\" data-id=\"3ae1b6c\" data-element_type=\"column\">\n\t\t\t<div class=\"elementor-widget-wrap elementor-element-populated\">\n\t\t\t\t\t\t<div class=\"elementor-element elementor-element-de4855f elementor-widget elementor-widget-image\" data-id=\"de4855f\" data-element_type=\"widget\" data-widget_type=\"image.default\">\n\t\t\t\t<div class=\"elementor-widget-container\">\n\t\t\t<style>\/*! elementor - v3.23.0 - 05-08-2024 *\/\n.elementor-widget-image{text-align:center}.elementor-widget-image a{display:inline-block}.elementor-widget-image a img[src$=\".svg\"]{width:48px}.elementor-widget-image img{vertical-align:middle;display:inline-block}<\/style>\t\t\t\t\t\t\t\t\t\t<img fetchpriority=\"high\" decoding=\"async\" width=\"768\" height=\"552\" src=\"https:\/\/www.cynowildacademy.fr\/wp-content\/uploads\/2021\/09\/selective-focus-shot-of-an-adorable-kooikerhondje-dog-in-field-768x552.jpg\" class=\"attachment-medium_large size-medium_large wp-image-325\" alt=\"\" srcset=\"https:\/\/www.cynowildacademy.fr\/wp-content\/uploads\/2021\/09\/selective-focus-shot-of-an-adorable-kooikerhondje-dog-in-field-768x552.jpg 768w, https:\/\/www.cynowildacademy.fr\/wp-content\/uploads\/2021\/09\/selective-focus-shot-of-an-adorable-kooikerhondje-dog-in-field-300x216.jpg 300w, https:\/\/www.cynowildacademy.fr\/wp-content\/uploads\/2021\/09\/selective-focus-shot-of-an-adorable-kooikerhondje-dog-in-field-1024x736.jpg 1024w, https:\/\/www.cynowildacademy.fr\/wp-content\/uploads\/2021\/09\/selective-focus-shot-of-an-adorable-kooikerhondje-dog-in-field-1536x1104.jpg 1536w, https:\/\/www.cynowildacademy.fr\/wp-content\/uploads\/2021\/09\/selective-focus-shot-of-an-adorable-kooikerhondje-dog-in-field-2048x1472.jpg 2048w\" sizes=\"(max-width: 768px) 100vw, 768px\" \/>\t\t\t\t\t\t\t\t\t\t\t\t\t<\/div>\n\t\t\t\t<\/div>\n\t\t\t\t\t<\/div>\n\t\t<\/div>\n\t\t\t\t\t<\/div>\n\t\t<\/section>\n\t\t\t\t<section class=\"elementor-section elementor-top-section elementor-element elementor-element-3b30f74 elementor-section-boxed elementor-section-height-default elementor-section-height-default\" data-id=\"3b30f74\" data-element_type=\"section\">\n\t\t\t\t\t\t<div class=\"elementor-container elementor-column-gap-default\">\n\t\t\t\t\t<div class=\"elementor-column elementor-col-100 elementor-top-column elementor-element elementor-element-8abfd54\" data-id=\"8abfd54\" data-element_type=\"column\">\n\t\t\t<div class=\"elementor-widget-wrap elementor-element-populated\">\n\t\t\t\t\t\t<div class=\"elementor-element elementor-element-e177780 elementor-widget elementor-widget-text-editor\" data-id=\"e177780\" data-element_type=\"widget\" data-widget_type=\"text-editor.default\">\n\t\t\t\t<div class=\"elementor-widget-container\">\n\t\t\t<style>\/*! elementor - v3.23.0 - 05-08-2024 *\/\n.elementor-widget-text-editor.elementor-drop-cap-view-stacked .elementor-drop-cap{background-color:#69727d;color:#fff}.elementor-widget-text-editor.elementor-drop-cap-view-framed .elementor-drop-cap{color:#69727d;border:3px solid;background-color:transparent}.elementor-widget-text-editor:not(.elementor-drop-cap-view-default) .elementor-drop-cap{margin-top:8px}.elementor-widget-text-editor:not(.elementor-drop-cap-view-default) .elementor-drop-cap-letter{width:1em;height:1em}.elementor-widget-text-editor .elementor-drop-cap{float:left;text-align:center;line-height:1;font-size:50px}.elementor-widget-text-editor .elementor-drop-cap-letter{display:inline-block}<\/style>\t\t\t\t<p>Parce que je suis toujours \u00e0 la recherche de partenaires \u00e0 conseiller \u00e0 mes clients, n&rsquo;h\u00e9sitez pas \u00e0 me contacter par mail pour me faire une demande.<\/p><p><strong>Mail : cynowildacademy@gmail.com<\/strong><\/p>\t\t\t\t\t\t<\/div>\n\t\t\t\t<\/div>\n\t\t\t\t\t<\/div>\n\t\t<\/div>\n\t\t\t\t\t<\/div>\n\t\t<\/section>\n\t\t\t\t<\/div>\n\t\t","protected":false},"excerpt":{"rendered":"<p>Devenir partenaire Parce que je suis toujours \u00e0 la recherche de partenaires \u00e0 conseiller \u00e0 mes clients, n&rsquo;h\u00e9sitez pas \u00e0 me contacter par mail pour me faire une demande. Mail : cynowildacademy@gmail.com<\/p>\n","protected":false},"author":1,"featured_media":0,"parent":0,"menu_order":0,"comment_status":"closed","ping_status":"closed","template":"page-templates\/template-pagebuilder-full-width.php","meta":{"neve_meta_sidebar":"","neve_meta_container":"","neve_meta_enable_content_width":"","neve_meta_content_width":0,"neve_meta_title_alignment":"","neve_meta_author_avatar":"","neve_post_elements_order":"","neve_meta_disable_header":"","neve_meta_disable_footer":"","neve_meta_disable_title":"","footnotes":""},"class_list":["post-87","page","type-page","status-publish","hentry"],"_links":{"self":[{"href":"https:\/\/www.cynowildacademy.fr\/index.php\/wp-json\/wp\/v2\/pages\/87","targetHints":{"allow":["GET"]}}],"collection":[{"href":"https:\/\/www.cynowildacademy.fr\/index.php\/wp-json\/wp\/v2\/pages"}],"about":[{"href":"https:\/\/www.cynowildacademy.fr\/index.php\/wp-json\/wp\/v2\/types\/page"}],"author":[{"embeddable":true,"href":"https:\/\/www.cynowildacademy.fr\/index.php\/wp-json\/wp\/v2\/users\/1"}],"replies":[{"embeddable":true,"href":"https:\/\/www.cynowildacademy.fr\/index.php\/wp-json\/wp\/v2\/comments?post=87"}],"version-history":[{"count":11,"href":"https:\/\/www.cynowildacademy.fr\/index.php\/wp-json\/wp\/v2\/pages\/87\/revisions"}],"predecessor-version":[{"id":438,"href":"https:\/\/www.cynowildacademy.fr\/index.php\/wp-json\/wp\/v2\/pages\/87\/revisions\/438"}],"wp:attachment":[{"href":"https:\/\/www.cynowildacademy.fr\/index.php\/wp-json\/wp\/v2\/media?parent=87"}],"curies":[{"name":"wp","href":"https:\/\/api.w.org\/{rel}","templated":true}]}}