{"id":85,"date":"2021-08-24T12:10:26","date_gmt":"2021-08-24T10:10:26","guid":{"rendered":"https:\/\/www.cynowildacademy.fr\/?page_id=85"},"modified":"2025-10-02T10:39:19","modified_gmt":"2025-10-02T08:39:19","slug":"partenaires","status":"publish","type":"page","link":"https:\/\/www.cynowildacademy.fr\/index.php\/partenaires\/","title":{"rendered":"Partenaires"},"content":{"rendered":"\t\t<div data-elementor-type=\"wp-page\" data-elementor-id=\"85\" class=\"elementor elementor-85\">\n\t\t\t\t\t\t<section class=\"elementor-section elementor-top-section elementor-element elementor-element-2dbbdac elementor-section-boxed elementor-section-height-default elementor-section-height-default\" data-id=\"2dbbdac\" data-element_type=\"section\">\n\t\t\t\t\t\t<div class=\"elementor-container elementor-column-gap-default\">\n\t\t\t\t\t<div class=\"elementor-column elementor-col-100 elementor-top-column elementor-element elementor-element-da096c2\" data-id=\"da096c2\" data-element_type=\"column\">\n\t\t\t<div class=\"elementor-widget-wrap elementor-element-populated\">\n\t\t\t\t\t\t<div class=\"elementor-element elementor-element-4f313df elementor-widget elementor-widget-heading\" data-id=\"4f313df\" data-element_type=\"widget\" data-widget_type=\"heading.default\">\n\t\t\t\t<div class=\"elementor-widget-container\">\n\t\t\t<style>\/*! elementor - v3.23.0 - 05-08-2024 *\/\n.elementor-heading-title{padding:0;margin:0;line-height:1}.elementor-widget-heading .elementor-heading-title[class*=elementor-size-]>a{color:inherit;font-size:inherit;line-height:inherit}.elementor-widget-heading .elementor-heading-title.elementor-size-small{font-size:15px}.elementor-widget-heading .elementor-heading-title.elementor-size-medium{font-size:19px}.elementor-widget-heading .elementor-heading-title.elementor-size-large{font-size:29px}.elementor-widget-heading .elementor-heading-title.elementor-size-xl{font-size:39px}.elementor-widget-heading .elementor-heading-title.elementor-size-xxl{font-size:59px}<\/style><h2 class=\"elementor-heading-title elementor-size-default\">Nos partenaires<\/h2>\t\t<\/div>\n\t\t\t\t<\/div>\n\t\t\t\t\t<\/div>\n\t\t<\/div>\n\t\t\t\t\t<\/div>\n\t\t<\/section>\n\t\t\t\t<section class=\"elementor-section elementor-top-section elementor-element elementor-element-ebbbe7c elementor-section-boxed elementor-section-height-default elementor-section-height-default\" data-id=\"ebbbe7c\" data-element_type=\"section\">\n\t\t\t\t\t\t<div class=\"elementor-container elementor-column-gap-default\">\n\t\t\t\t\t<div class=\"elementor-column elementor-col-50 elementor-top-column elementor-element elementor-element-bb6a282\" data-id=\"bb6a282\" data-element_type=\"column\">\n\t\t\t<div class=\"elementor-widget-wrap elementor-element-populated\">\n\t\t\t\t\t\t<div class=\"elementor-element elementor-element-880d879 elementor-widget elementor-widget-image\" data-id=\"880d879\" data-element_type=\"widget\" data-widget_type=\"image.default\">\n\t\t\t\t<div class=\"elementor-widget-container\">\n\t\t\t<style>\/*! elementor - v3.23.0 - 05-08-2024 *\/\n.elementor-widget-image{text-align:center}.elementor-widget-image a{display:inline-block}.elementor-widget-image a img[src$=\".svg\"]{width:48px}.elementor-widget-image img{vertical-align:middle;display:inline-block}<\/style>\t\t\t\t\t\t\t\t\t\t<img fetchpriority=\"high\" decoding=\"async\" width=\"212\" height=\"300\" src=\"https:\/\/www.cynowildacademy.fr\/wp-content\/uploads\/2021\/09\/67773952_635865210152570_7711288255806701568_n-212x300.png\" class=\"attachment-medium size-medium wp-image-318\" alt=\"\" srcset=\"https:\/\/www.cynowildacademy.fr\/wp-content\/uploads\/2021\/09\/67773952_635865210152570_7711288255806701568_n-212x300.png 212w, https:\/\/www.cynowildacademy.fr\/wp-content\/uploads\/2021\/09\/67773952_635865210152570_7711288255806701568_n-724x1024.png 724w, https:\/\/www.cynowildacademy.fr\/wp-content\/uploads\/2021\/09\/67773952_635865210152570_7711288255806701568_n-768x1086.png 768w, https:\/\/www.cynowildacademy.fr\/wp-content\/uploads\/2021\/09\/67773952_635865210152570_7711288255806701568_n-1086x1536.png 1086w, https:\/\/www.cynowildacademy.fr\/wp-content\/uploads\/2021\/09\/67773952_635865210152570_7711288255806701568_n-1448x2048.png 1448w\" sizes=\"(max-width: 212px) 100vw, 212px\" \/>\t\t\t\t\t\t\t\t\t\t\t\t\t<\/div>\n\t\t\t\t<\/div>\n\t\t\t\t\t<\/div>\n\t\t<\/div>\n\t\t\t\t<div class=\"elementor-column elementor-col-50 elementor-top-column elementor-element elementor-element-346916d\" data-id=\"346916d\" data-element_type=\"column\">\n\t\t\t<div class=\"elementor-widget-wrap elementor-element-populated\">\n\t\t\t\t\t\t<div class=\"elementor-element elementor-element-19e8bfd elementor-widget elementor-widget-text-editor\" data-id=\"19e8bfd\" data-element_type=\"widget\" data-widget_type=\"text-editor.default\">\n\t\t\t\t<div class=\"elementor-widget-container\">\n\t\t\t<style>\/*! elementor - v3.23.0 - 05-08-2024 *\/\n.elementor-widget-text-editor.elementor-drop-cap-view-stacked .elementor-drop-cap{background-color:#69727d;color:#fff}.elementor-widget-text-editor.elementor-drop-cap-view-framed .elementor-drop-cap{color:#69727d;border:3px solid;background-color:transparent}.elementor-widget-text-editor:not(.elementor-drop-cap-view-default) .elementor-drop-cap{margin-top:8px}.elementor-widget-text-editor:not(.elementor-drop-cap-view-default) .elementor-drop-cap-letter{width:1em;height:1em}.elementor-widget-text-editor .elementor-drop-cap{float:left;text-align:center;line-height:1;font-size:50px}.elementor-widget-text-editor .elementor-drop-cap-letter{display:inline-block}<\/style>\t\t\t\t<p><strong>B WILD SHOP<\/strong><\/p><p>Si vous \u00eates \u00e0 la recherche d&rsquo;accessoires pour chiens confortables, esth\u00e9tiques et solides. 100% fait \u00e0 la main en France.<\/p><p>10% de r\u00e9duction avec le code <strong>CWA10<\/strong>.<\/p><p>Site internet : <a href=\"https:\/\/bwildshop.com\/\">https:\/\/bwildshop.com\/<\/a><\/p>\t\t\t\t\t\t<\/div>\n\t\t\t\t<\/div>\n\t\t\t\t\t<\/div>\n\t\t<\/div>\n\t\t\t\t\t<\/div>\n\t\t<\/section>\n\t\t\t\t<section class=\"elementor-section elementor-top-section elementor-element elementor-element-9835786 elementor-section-boxed elementor-section-height-default elementor-section-height-default\" data-id=\"9835786\" data-element_type=\"section\">\n\t\t\t\t\t\t<div class=\"elementor-container elementor-column-gap-default\">\n\t\t\t\t\t<div class=\"elementor-column elementor-col-50 elementor-top-column elementor-element elementor-element-25c4ab9\" data-id=\"25c4ab9\" data-element_type=\"column\">\n\t\t\t<div class=\"elementor-widget-wrap elementor-element-populated\">\n\t\t\t\t\t\t<div class=\"elementor-element elementor-element-54012a3 elementor-widget elementor-widget-image\" data-id=\"54012a3\" data-element_type=\"widget\" data-widget_type=\"image.default\">\n\t\t\t\t<div class=\"elementor-widget-container\">\n\t\t\t\t\t\t\t\t\t\t\t\t\t<img decoding=\"async\" width=\"819\" height=\"1024\" src=\"https:\/\/www.cynowildacademy.fr\/wp-content\/uploads\/2025\/10\/flyer-cani-gourmand-819x1024.jpg\" class=\"attachment-large size-large wp-image-913\" alt=\"\" srcset=\"https:\/\/www.cynowildacademy.fr\/wp-content\/uploads\/2025\/10\/flyer-cani-gourmand-819x1024.jpg 819w, https:\/\/www.cynowildacademy.fr\/wp-content\/uploads\/2025\/10\/flyer-cani-gourmand-240x300.jpg 240w, https:\/\/www.cynowildacademy.fr\/wp-content\/uploads\/2025\/10\/flyer-cani-gourmand-768x960.jpg 768w, https:\/\/www.cynowildacademy.fr\/wp-content\/uploads\/2025\/10\/flyer-cani-gourmand.jpg 1080w\" sizes=\"(max-width: 819px) 100vw, 819px\" \/>\t\t\t\t\t\t\t\t\t\t\t\t\t<\/div>\n\t\t\t\t<\/div>\n\t\t\t\t\t<\/div>\n\t\t<\/div>\n\t\t\t\t<div class=\"elementor-column elementor-col-50 elementor-top-column elementor-element elementor-element-6f21053\" data-id=\"6f21053\" data-element_type=\"column\">\n\t\t\t<div class=\"elementor-widget-wrap elementor-element-populated\">\n\t\t\t\t\t\t<div class=\"elementor-element elementor-element-dd8b1ac elementor-widget elementor-widget-text-editor\" data-id=\"dd8b1ac\" data-element_type=\"widget\" data-widget_type=\"text-editor.default\">\n\t\t\t\t<div class=\"elementor-widget-container\">\n\t\t\t\t\t\t\t<p><strong>Cani Gourmand<\/strong><\/p><p>Des friandises 100% naturelles pour r\u00e9pondre au besoin de mastication de votre chien.<\/p><p>10% de r\u00e9duction avec le code <strong>CWA<\/strong>.<\/p><p>Site internet : <a href=\"_wp_link_placeholder\" data-wplink-edit=\"true\">https:\/\/www.canigourmand.com\/69-friandises-naturelles-chien?ae=533<\/a><\/p>\t\t\t\t\t\t<\/div>\n\t\t\t\t<\/div>\n\t\t\t\t\t<\/div>\n\t\t<\/div>\n\t\t\t\t\t<\/div>\n\t\t<\/section>\n\t\t\t\t<section class=\"elementor-section elementor-top-section elementor-element elementor-element-2679fbf elementor-section-boxed elementor-section-height-default elementor-section-height-default\" data-id=\"2679fbf\" data-element_type=\"section\">\n\t\t\t\t\t\t<div class=\"elementor-container elementor-column-gap-default\">\n\t\t\t\t\t<div class=\"elementor-column elementor-col-50 elementor-top-column elementor-element elementor-element-3979848\" data-id=\"3979848\" data-element_type=\"column\">\n\t\t\t<div class=\"elementor-widget-wrap elementor-element-populated\">\n\t\t\t\t\t\t<div class=\"elementor-element elementor-element-ac6d6ed elementor-widget elementor-widget-image\" data-id=\"ac6d6ed\" data-element_type=\"widget\" data-widget_type=\"image.default\">\n\t\t\t\t<div class=\"elementor-widget-container\">\n\t\t\t\t\t\t\t\t\t\t\t\t\t<img decoding=\"async\" width=\"344\" height=\"128\" src=\"https:\/\/www.cynowildacademy.fr\/wp-content\/uploads\/2025\/10\/LogoAssur-DJtsqxeI.webp\" class=\"attachment-large size-large wp-image-915\" alt=\"\" srcset=\"https:\/\/www.cynowildacademy.fr\/wp-content\/uploads\/2025\/10\/LogoAssur-DJtsqxeI.webp 344w, https:\/\/www.cynowildacademy.fr\/wp-content\/uploads\/2025\/10\/LogoAssur-DJtsqxeI-300x112.webp 300w\" sizes=\"(max-width: 344px) 100vw, 344px\" \/>\t\t\t\t\t\t\t\t\t\t\t\t\t<\/div>\n\t\t\t\t<\/div>\n\t\t\t\t\t<\/div>\n\t\t<\/div>\n\t\t\t\t<div class=\"elementor-column elementor-col-50 elementor-top-column elementor-element elementor-element-d13e820\" data-id=\"d13e820\" data-element_type=\"column\">\n\t\t\t<div class=\"elementor-widget-wrap elementor-element-populated\">\n\t\t\t\t\t\t<div class=\"elementor-element elementor-element-051b25e elementor-widget elementor-widget-text-editor\" data-id=\"051b25e\" data-element_type=\"widget\" data-widget_type=\"text-editor.default\">\n\t\t\t\t<div class=\"elementor-widget-container\">\n\t\t\t\t\t\t\t<p>Avec notre partenaire AssurCompagnon, prot\u00e9gez votre compagnon \u00e0 4 pattes d\u00e8s 8,89 \u20ac\/mois. Des formules adapt\u00e9es \u00e0 tous les besoins et tous les budgets pour garantir s\u00e9r\u00e9nit\u00e9 et s\u00e9curit\u00e9 au quotidien.<\/p><p>Site internet : <a href=\"_wp_link_placeholder\" data-wplink-edit=\"true\">https:\/\/www.assurcompagnon.fr\/assurance-animaux\/devis?p=cynowildacademy-at-gmailcom<\/a><\/p>\t\t\t\t\t\t<\/div>\n\t\t\t\t<\/div>\n\t\t\t\t\t<\/div>\n\t\t<\/div>\n\t\t\t\t\t<\/div>\n\t\t<\/section>\n\t\t\t\t<section class=\"elementor-section elementor-top-section elementor-element elementor-element-525d9a1 elementor-section-boxed elementor-section-height-default elementor-section-height-default\" data-id=\"525d9a1\" data-element_type=\"section\">\n\t\t\t\t\t\t<div class=\"elementor-container elementor-column-gap-default\">\n\t\t\t\t\t<div class=\"elementor-column elementor-col-50 elementor-top-column elementor-element elementor-element-d54e953\" data-id=\"d54e953\" data-element_type=\"column\">\n\t\t\t<div class=\"elementor-widget-wrap elementor-element-populated\">\n\t\t\t\t\t\t<div class=\"elementor-element elementor-element-0f52cfd elementor-widget elementor-widget-image\" data-id=\"0f52cfd\" data-element_type=\"widget\" data-widget_type=\"image.default\">\n\t\t\t\t<div class=\"elementor-widget-container\">\n\t\t\t\t\t\t\t\t\t\t\t\t\t<img loading=\"lazy\" decoding=\"async\" width=\"200\" height=\"200\" src=\"https:\/\/www.cynowildacademy.fr\/wp-content\/uploads\/2024\/01\/logocpatounnette.png\" class=\"attachment-medium size-medium wp-image-671\" alt=\"\" srcset=\"https:\/\/www.cynowildacademy.fr\/wp-content\/uploads\/2024\/01\/logocpatounnette.png 200w, https:\/\/www.cynowildacademy.fr\/wp-content\/uploads\/2024\/01\/logocpatounnette-150x150.png 150w\" sizes=\"(max-width: 200px) 100vw, 200px\" \/>\t\t\t\t\t\t\t\t\t\t\t\t\t<\/div>\n\t\t\t\t<\/div>\n\t\t\t\t\t<\/div>\n\t\t<\/div>\n\t\t\t\t<div class=\"elementor-column elementor-col-50 elementor-top-column elementor-element elementor-element-633e0f0\" data-id=\"633e0f0\" data-element_type=\"column\">\n\t\t\t<div class=\"elementor-widget-wrap elementor-element-populated\">\n\t\t\t\t\t\t<div class=\"elementor-element elementor-element-5fc03db elementor-widget elementor-widget-text-editor\" data-id=\"5fc03db\" data-element_type=\"widget\" data-widget_type=\"text-editor.default\">\n\t\t\t\t<div class=\"elementor-widget-container\">\n\t\t\t\t\t\t\t<p><strong>CPATOUN&rsquo;NETTE<\/strong><\/p><p>No\u00e9mie, dipl\u00f4m\u00e9e du CTM Toiletteur canin et f\u00e9lin, vous propose ses prestations de toilettage \u00e0 domicile, pour que votre compagnon ait moins de stress en restant \u00e0 la maison.<\/p><p>Site internet : <a href=\"https:\/\/www.cpatounnette.fr\/\">https:\/\/www.cpatounnette.fr\/<\/a><\/p>\t\t\t\t\t\t<\/div>\n\t\t\t\t<\/div>\n\t\t\t\t\t<\/div>\n\t\t<\/div>\n\t\t\t\t\t<\/div>\n\t\t<\/section>\n\t\t\t\t<section class=\"elementor-section elementor-top-section elementor-element elementor-element-ba74cc8 elementor-section-boxed elementor-section-height-default elementor-section-height-default\" data-id=\"ba74cc8\" data-element_type=\"section\">\n\t\t\t\t\t\t<div class=\"elementor-container elementor-column-gap-default\">\n\t\t\t\t\t<div class=\"elementor-column elementor-col-50 elementor-top-column elementor-element elementor-element-ed86f19\" data-id=\"ed86f19\" data-element_type=\"column\">\n\t\t\t<div class=\"elementor-widget-wrap elementor-element-populated\">\n\t\t\t\t\t\t<div class=\"elementor-element elementor-element-36664fd elementor-widget elementor-widget-image\" data-id=\"36664fd\" data-element_type=\"widget\" data-widget_type=\"image.default\">\n\t\t\t\t<div class=\"elementor-widget-container\">\n\t\t\t\t\t\t\t\t\t\t\t\t\t<img loading=\"lazy\" decoding=\"async\" width=\"300\" height=\"300\" src=\"https:\/\/www.cynowildacademy.fr\/wp-content\/uploads\/2021\/10\/received_494242654527878-300x300.jpeg\" class=\"attachment-medium size-medium wp-image-423\" alt=\"\" srcset=\"https:\/\/www.cynowildacademy.fr\/wp-content\/uploads\/2021\/10\/received_494242654527878-300x300.jpeg 300w, https:\/\/www.cynowildacademy.fr\/wp-content\/uploads\/2021\/10\/received_494242654527878-1024x1024.jpeg 1024w, https:\/\/www.cynowildacademy.fr\/wp-content\/uploads\/2021\/10\/received_494242654527878-150x150.jpeg 150w, https:\/\/www.cynowildacademy.fr\/wp-content\/uploads\/2021\/10\/received_494242654527878-768x768.jpeg 768w, https:\/\/www.cynowildacademy.fr\/wp-content\/uploads\/2021\/10\/received_494242654527878-1536x1536.jpeg 1536w, https:\/\/www.cynowildacademy.fr\/wp-content\/uploads\/2021\/10\/received_494242654527878-2048x2048.jpeg 2048w\" sizes=\"(max-width: 300px) 100vw, 300px\" \/>\t\t\t\t\t\t\t\t\t\t\t\t\t<\/div>\n\t\t\t\t<\/div>\n\t\t\t\t\t<\/div>\n\t\t<\/div>\n\t\t\t\t<div class=\"elementor-column elementor-col-50 elementor-top-column elementor-element elementor-element-70932e7\" data-id=\"70932e7\" data-element_type=\"column\">\n\t\t\t<div class=\"elementor-widget-wrap elementor-element-populated\">\n\t\t\t\t\t\t<div class=\"elementor-element elementor-element-3679b70 elementor-widget elementor-widget-text-editor\" data-id=\"3679b70\" data-element_type=\"widget\" data-widget_type=\"text-editor.default\">\n\t\t\t\t<div class=\"elementor-widget-container\">\n\t\t\t\t\t\t\t<p><strong>BELLAICHE LAURA<\/strong><\/p><p>Notre masseur canin certifi\u00e9 par l\u2019\u00c9tat, pour prendre soin de votre compagnon et lui offrir un moment de d\u00e9tente.<\/p><p>Site internet : <a href=\"http:\/\/www.bellaichelaura.com\" target=\"_blank\" rel=\"noopener\" data-saferedirecturl=\"https:\/\/www.google.com\/url?q=http:\/\/www.bellaichelaura.com&amp;source=gmail&amp;ust=1634549951595000&amp;usg=AFQjCNHlWPwwQ90gyk8iTOTQ4rPnnBF5EA\">www.bellaichelaura.com<\/a><\/p>\t\t\t\t\t\t<\/div>\n\t\t\t\t<\/div>\n\t\t\t\t\t<\/div>\n\t\t<\/div>\n\t\t\t\t\t<\/div>\n\t\t<\/section>\n\t\t\t\t<section class=\"elementor-section elementor-top-section elementor-element elementor-element-3132ea4 elementor-section-boxed elementor-section-height-default elementor-section-height-default\" data-id=\"3132ea4\" data-element_type=\"section\">\n\t\t\t\t\t\t<div class=\"elementor-container elementor-column-gap-default\">\n\t\t\t\t\t<div class=\"elementor-column elementor-col-50 elementor-top-column elementor-element elementor-element-64b140d\" data-id=\"64b140d\" data-element_type=\"column\">\n\t\t\t<div class=\"elementor-widget-wrap elementor-element-populated\">\n\t\t\t\t\t\t<div class=\"elementor-element elementor-element-c8b8d40 elementor-widget elementor-widget-image\" data-id=\"c8b8d40\" data-element_type=\"widget\" data-widget_type=\"image.default\">\n\t\t\t\t<div class=\"elementor-widget-container\">\n\t\t\t\t\t\t\t\t\t\t\t\t\t<img loading=\"lazy\" decoding=\"async\" width=\"300\" height=\"297\" src=\"https:\/\/www.cynowildacademy.fr\/wp-content\/uploads\/2022\/04\/232377853_685375496190755_1049969556841988773_n-300x297.jpg\" class=\"attachment-medium size-medium wp-image-525\" alt=\"\" srcset=\"https:\/\/www.cynowildacademy.fr\/wp-content\/uploads\/2022\/04\/232377853_685375496190755_1049969556841988773_n-300x297.jpg 300w, https:\/\/www.cynowildacademy.fr\/wp-content\/uploads\/2022\/04\/232377853_685375496190755_1049969556841988773_n-150x150.jpg 150w, https:\/\/www.cynowildacademy.fr\/wp-content\/uploads\/2022\/04\/232377853_685375496190755_1049969556841988773_n-768x761.jpg 768w, https:\/\/www.cynowildacademy.fr\/wp-content\/uploads\/2022\/04\/232377853_685375496190755_1049969556841988773_n.jpg 948w\" sizes=\"(max-width: 300px) 100vw, 300px\" \/>\t\t\t\t\t\t\t\t\t\t\t\t\t<\/div>\n\t\t\t\t<\/div>\n\t\t\t\t\t<\/div>\n\t\t<\/div>\n\t\t\t\t<div class=\"elementor-column elementor-col-50 elementor-top-column elementor-element elementor-element-47b1965\" data-id=\"47b1965\" data-element_type=\"column\">\n\t\t\t<div class=\"elementor-widget-wrap elementor-element-populated\">\n\t\t\t\t\t\t<div class=\"elementor-element elementor-element-e0b32f6 elementor-widget elementor-widget-text-editor\" data-id=\"e0b32f6\" data-element_type=\"widget\" data-widget_type=\"text-editor.default\">\n\t\t\t\t<div class=\"elementor-widget-container\">\n\t\t\t\t\t\t\t<p><strong>Association Mel&rsquo;ting Pets<\/strong><\/p><p>Mel&rsquo;ting Pets vient en aide aux animaux dans le besoin, qu&rsquo;ils soient abandonn\u00e9s, trouv\u00e9s, maltrait\u00e9s, qu&rsquo;ils se trouvent en refuge, en fourri\u00e8re ou dans la rue.<\/p><p>L&rsquo;objectif est de leur trouver une nouvelle famille dans laquelle ils pourront s&rsquo;\u00e9panouir.<\/p><p>Site internet : <a href=\"https:\/\/www.melting-pets.com\/\">https:\/\/www.melting-pets.com\/<\/a><\/p>\t\t\t\t\t\t<\/div>\n\t\t\t\t<\/div>\n\t\t\t\t\t<\/div>\n\t\t<\/div>\n\t\t\t\t\t<\/div>\n\t\t<\/section>\n\t\t\t\t<\/div>\n\t\t","protected":false},"excerpt":{"rendered":"<p>Nos partenaires B WILD SHOP Si vous \u00eates \u00e0 la recherche d&rsquo;accessoires pour chiens confortables, esth\u00e9tiques et solides. 100% fait \u00e0 la main en France. 10% de r\u00e9duction avec le code CWA10. Site internet : https:\/\/bwildshop.com\/ Cani Gourmand Des friandises 100% naturelles pour r\u00e9pondre au besoin de mastication de votre chien. 10% de r\u00e9duction avec&hellip;&nbsp;<a href=\"https:\/\/www.cynowildacademy.fr\/index.php\/partenaires\/\" rel=\"bookmark\">Lire la suite &raquo;<span class=\"screen-reader-text\">Partenaires<\/span><\/a><\/p>\n","protected":false},"author":1,"featured_media":0,"parent":0,"menu_order":0,"comment_status":"closed","ping_status":"closed","template":"","meta":{"neve_meta_sidebar":"","neve_meta_container":"","neve_meta_enable_content_width":"","neve_meta_content_width":0,"neve_meta_title_alignment":"","neve_meta_author_avatar":"","neve_post_elements_order":"","neve_meta_disable_header":"","neve_meta_disable_footer":"","neve_meta_disable_title":"","footnotes":""},"class_list":["post-85","page","type-page","status-publish","hentry"],"_links":{"self":[{"href":"https:\/\/www.cynowildacademy.fr\/index.php\/wp-json\/wp\/v2\/pages\/85","targetHints":{"allow":["GET"]}}],"collection":[{"href":"https:\/\/www.cynowildacademy.fr\/index.php\/wp-json\/wp\/v2\/pages"}],"about":[{"href":"https:\/\/www.cynowildacademy.fr\/index.php\/wp-json\/wp\/v2\/types\/page"}],"author":[{"embeddable":true,"href":"https:\/\/www.cynowildacademy.fr\/index.php\/wp-json\/wp\/v2\/users\/1"}],"replies":[{"embeddable":true,"href":"https:\/\/www.cynowildacademy.fr\/index.php\/wp-json\/wp\/v2\/comments?post=85"}],"version-history":[{"count":27,"href":"https:\/\/www.cynowildacademy.fr\/index.php\/wp-json\/wp\/v2\/pages\/85\/revisions"}],"predecessor-version":[{"id":918,"href":"https:\/\/www.cynowildacademy.fr\/index.php\/wp-json\/wp\/v2\/pages\/85\/revisions\/918"}],"wp:attachment":[{"href":"https:\/\/www.cynowildacademy.fr\/index.php\/wp-json\/wp\/v2\/media?parent=85"}],"curies":[{"name":"wp","href":"https:\/\/api.w.org\/{rel}","templated":true}]}}