{"id":844,"date":"2025-04-08T06:39:22","date_gmt":"2025-04-08T04:39:22","guid":{"rendered":"https:\/\/www.cynowildacademy.fr\/?page_id=844"},"modified":"2025-04-10T17:31:25","modified_gmt":"2025-04-10T15:31:25","slug":"nos-livres","status":"publish","type":"page","link":"https:\/\/www.cynowildacademy.fr\/index.php\/nos-livres\/","title":{"rendered":"Nos livres"},"content":{"rendered":"\t\t<div data-elementor-type=\"wp-page\" data-elementor-id=\"844\" class=\"elementor elementor-844\">\n\t\t\t\t\t\t<section class=\"elementor-section elementor-top-section elementor-element elementor-element-53e8720 elementor-section-boxed elementor-section-height-default elementor-section-height-default\" data-id=\"53e8720\" data-element_type=\"section\">\n\t\t\t\t\t\t<div class=\"elementor-container elementor-column-gap-default\">\n\t\t\t\t\t<div class=\"elementor-column elementor-col-100 elementor-top-column elementor-element elementor-element-a361f27\" data-id=\"a361f27\" data-element_type=\"column\">\n\t\t\t<div class=\"elementor-widget-wrap elementor-element-populated\">\n\t\t\t\t\t\t<div class=\"elementor-element elementor-element-2607948 elementor-widget elementor-widget-heading\" data-id=\"2607948\" data-element_type=\"widget\" data-widget_type=\"heading.default\">\n\t\t\t\t<div class=\"elementor-widget-container\">\n\t\t\t<style>\/*! elementor - v3.23.0 - 05-08-2024 *\/\n.elementor-heading-title{padding:0;margin:0;line-height:1}.elementor-widget-heading .elementor-heading-title[class*=elementor-size-]>a{color:inherit;font-size:inherit;line-height:inherit}.elementor-widget-heading .elementor-heading-title.elementor-size-small{font-size:15px}.elementor-widget-heading .elementor-heading-title.elementor-size-medium{font-size:19px}.elementor-widget-heading .elementor-heading-title.elementor-size-large{font-size:29px}.elementor-widget-heading .elementor-heading-title.elementor-size-xl{font-size:39px}.elementor-widget-heading .elementor-heading-title.elementor-size-xxl{font-size:59px}<\/style><h2 class=\"elementor-heading-title elementor-size-default\">Nos livres<\/h2>\t\t<\/div>\n\t\t\t\t<\/div>\n\t\t\t\t\t<\/div>\n\t\t<\/div>\n\t\t\t\t\t<\/div>\n\t\t<\/section>\n\t\t\t\t<section class=\"elementor-section elementor-top-section elementor-element elementor-element-c496932 elementor-section-boxed elementor-section-height-default elementor-section-height-default\" data-id=\"c496932\" data-element_type=\"section\">\n\t\t\t\t\t\t<div class=\"elementor-container elementor-column-gap-default\">\n\t\t\t\t\t<div class=\"elementor-column elementor-col-100 elementor-top-column elementor-element elementor-element-f8b0b11\" data-id=\"f8b0b11\" data-element_type=\"column\">\n\t\t\t<div class=\"elementor-widget-wrap elementor-element-populated\">\n\t\t\t\t\t\t<div class=\"elementor-element elementor-element-6cef21f elementor-widget elementor-widget-text-editor\" data-id=\"6cef21f\" data-element_type=\"widget\" data-widget_type=\"text-editor.default\">\n\t\t\t\t<div class=\"elementor-widget-container\">\n\t\t\t<style>\/*! elementor - v3.23.0 - 05-08-2024 *\/\n.elementor-widget-text-editor.elementor-drop-cap-view-stacked .elementor-drop-cap{background-color:#69727d;color:#fff}.elementor-widget-text-editor.elementor-drop-cap-view-framed .elementor-drop-cap{color:#69727d;border:3px solid;background-color:transparent}.elementor-widget-text-editor:not(.elementor-drop-cap-view-default) .elementor-drop-cap{margin-top:8px}.elementor-widget-text-editor:not(.elementor-drop-cap-view-default) .elementor-drop-cap-letter{width:1em;height:1em}.elementor-widget-text-editor .elementor-drop-cap{float:left;text-align:center;line-height:1;font-size:50px}.elementor-widget-text-editor .elementor-drop-cap-letter{display:inline-block}<\/style>\t\t\t\t<p class=\"\" data-start=\"204\" data-end=\"666\">Bienvenue dans notre univers d\u2019ouvrages d\u00e9di\u00e9s \u00e0 la compr\u00e9hension et \u00e0 l\u2019\u00e9ducation bienveillante du chien. Chaque livre a \u00e9t\u00e9 pens\u00e9 pour vous accompagner au quotidien, que vous soyez futur adoptant, propri\u00e9taire exp\u00e9riment\u00e9 ou simplement passionn\u00e9 par nos compagnons \u00e0 quatre pattes. Vous y trouverez des conseils concrets, des explications claires et des outils pratiques, le tout dans un langage simple, accessible\u2026 et toujours respectueux du bien-\u00eatre animal.<\/p>\t\t\t\t\t\t<\/div>\n\t\t\t\t<\/div>\n\t\t\t\t\t<\/div>\n\t\t<\/div>\n\t\t\t\t\t<\/div>\n\t\t<\/section>\n\t\t\t\t<section class=\"elementor-section elementor-top-section elementor-element elementor-element-d760bfe elementor-section-boxed elementor-section-height-default elementor-section-height-default\" data-id=\"d760bfe\" data-element_type=\"section\">\n\t\t\t\t\t\t<div class=\"elementor-container elementor-column-gap-default\">\n\t\t\t\t\t<div class=\"elementor-column elementor-col-50 elementor-top-column elementor-element elementor-element-9468cb7\" data-id=\"9468cb7\" data-element_type=\"column\">\n\t\t\t<div class=\"elementor-widget-wrap elementor-element-populated\">\n\t\t\t\t\t\t<div class=\"elementor-element elementor-element-41b5417 elementor-arrows-position-inside elementor-pagination-position-outside elementor-widget elementor-widget-image-carousel\" data-id=\"41b5417\" data-element_type=\"widget\" data-settings=\"{&quot;slides_to_show&quot;:&quot;1&quot;,&quot;navigation&quot;:&quot;both&quot;,&quot;autoplay&quot;:&quot;yes&quot;,&quot;pause_on_hover&quot;:&quot;yes&quot;,&quot;pause_on_interaction&quot;:&quot;yes&quot;,&quot;autoplay_speed&quot;:5000,&quot;infinite&quot;:&quot;yes&quot;,&quot;effect&quot;:&quot;slide&quot;,&quot;speed&quot;:500}\" data-widget_type=\"image-carousel.default\">\n\t\t\t\t<div class=\"elementor-widget-container\">\n\t\t\t<style>\/*! elementor - v3.23.0 - 05-08-2024 *\/\n.elementor-widget-image-carousel .swiper,.elementor-widget-image-carousel .swiper-container{position:static}.elementor-widget-image-carousel .swiper-container .swiper-slide figure,.elementor-widget-image-carousel .swiper .swiper-slide figure{line-height:inherit}.elementor-widget-image-carousel .swiper-slide{text-align:center}.elementor-image-carousel-wrapper:not(.swiper-container-initialized):not(.swiper-initialized) .swiper-slide{max-width:calc(100% \/ var(--e-image-carousel-slides-to-show, 3))}<\/style>\t\t<div class=\"elementor-image-carousel-wrapper swiper\" dir=\"ltr\">\n\t\t\t<div class=\"elementor-image-carousel swiper-wrapper\" aria-live=\"off\">\n\t\t\t\t\t\t\t\t<div class=\"swiper-slide\" role=\"group\" aria-roledescription=\"slide\" aria-label=\"1 sur 3\"><figure class=\"swiper-slide-inner\"><img decoding=\"async\" class=\"swiper-slide-image\" src=\"https:\/\/www.cynowildacademy.fr\/wp-content\/uploads\/2025\/04\/Visuel-un-chiot-a-la-maison-1-768x768.jpg\" alt=\"Visuel un chiot \u00e0 la maison 1\" \/><\/figure><\/div><div class=\"swiper-slide\" role=\"group\" aria-roledescription=\"slide\" aria-label=\"2 sur 3\"><figure class=\"swiper-slide-inner\"><img decoding=\"async\" class=\"swiper-slide-image\" src=\"https:\/\/www.cynowildacademy.fr\/wp-content\/uploads\/2025\/04\/visuel-chiot-a-la-maison-2-768x768.jpg\" alt=\"visuel chiot \u00e0 la maison 2\" \/><\/figure><\/div><div class=\"swiper-slide\" role=\"group\" aria-roledescription=\"slide\" aria-label=\"3 sur 3\"><figure class=\"swiper-slide-inner\"><img decoding=\"async\" class=\"swiper-slide-image\" src=\"https:\/\/www.cynowildacademy.fr\/wp-content\/uploads\/2025\/04\/visuel-chiot-a-la-maison-3-768x768.jpg\" alt=\"visuel chiot \u00e0 la maison 3\" \/><\/figure><\/div>\t\t\t<\/div>\n\t\t\t\t\t\t\t\t\t\t\t\t<div class=\"elementor-swiper-button elementor-swiper-button-prev\" role=\"button\" tabindex=\"0\">\n\t\t\t\t\t\t<i aria-hidden=\"true\" class=\"eicon-chevron-left\"><\/i>\t\t\t\t\t<\/div>\n\t\t\t\t\t<div class=\"elementor-swiper-button elementor-swiper-button-next\" role=\"button\" tabindex=\"0\">\n\t\t\t\t\t\t<i aria-hidden=\"true\" class=\"eicon-chevron-right\"><\/i>\t\t\t\t\t<\/div>\n\t\t\t\t\n\t\t\t\t\t\t\t\t\t<div class=\"swiper-pagination\"><\/div>\n\t\t\t\t\t\t\t\t\t<\/div>\n\t\t\t\t<\/div>\n\t\t\t\t<\/div>\n\t\t\t\t\t<\/div>\n\t\t<\/div>\n\t\t\t\t<div class=\"elementor-column elementor-col-50 elementor-top-column elementor-element elementor-element-2564c94\" data-id=\"2564c94\" data-element_type=\"column\">\n\t\t\t<div class=\"elementor-widget-wrap elementor-element-populated\">\n\t\t\t\t\t\t<div class=\"elementor-element elementor-element-e11255d elementor-widget elementor-widget-text-editor\" data-id=\"e11255d\" data-element_type=\"widget\" data-widget_type=\"text-editor.default\">\n\t\t\t\t<div class=\"elementor-widget-container\">\n\t\t\t\t\t\t\t<p><strong><span style=\"text-decoration: underline;\">Un chiot \u00e0 la maison, mode d&#8217;emploi<\/span><\/strong><\/p><p><strong>Le guide indispensable pour bien d\u00e9marrer<\/strong><br \/>Vous allez accueillir un chiot ? Ou vous venez de le faire ? Ce livre est fait pour vous !<br \/>\u00ab\u00a0Un chiot \u00e0 la maison\u00a0\u00bb vous accompagne pas \u00e0 pas dans les premi\u00e8res semaines de vie commune, souvent remplies de doutes, de questions\u2026 et de b\u00eatises mignonnes.<\/p><p>Dans ce guide clair, rassurant et sans jargon, vous d\u00e9couvrirez :<\/p><ul><li>Les bases pour une cohabitation harmonieuse d\u00e8s les premiers jours<\/li><li>Comment r\u00e9pondre aux besoins fondamentaux de votre chiot<\/li><li>Des astuces pour la propret\u00e9, la gestion des mordillements, la solitude ou encore l\u2019apprentissage des r\u00e8gles de la maison<\/li><li>Une approche positive et respectueuse, centr\u00e9e sur la compr\u00e9hension de votre animal<\/li><\/ul><p>\u00a0<\/p><p>Ce livre, c\u2019est un concentr\u00e9 d\u2019exp\u00e9rience terrain, con\u00e7u pour vous \u00e9viter les erreurs classiques et poser des bases solides pour toute la vie. Que vous soyez compl\u00e8tement novice ou que vous ayez d\u00e9j\u00e0 eu des chiens, vous y trouverez des rep\u00e8res concrets pour \u00e9lever un chiot bien dans ses pattes.<\/p>\t\t\t\t\t\t<\/div>\n\t\t\t\t<\/div>\n\t\t\t\t\t<\/div>\n\t\t<\/div>\n\t\t\t\t\t<\/div>\n\t\t<\/section>\n\t\t\t\t<section class=\"elementor-section elementor-top-section elementor-element elementor-element-4723a67 elementor-section-boxed elementor-section-height-default elementor-section-height-default\" data-id=\"4723a67\" data-element_type=\"section\">\n\t\t\t\t\t\t<div class=\"elementor-container elementor-column-gap-default\">\n\t\t\t\t\t<div class=\"elementor-column elementor-col-100 elementor-top-column elementor-element elementor-element-acd8e79\" data-id=\"acd8e79\" data-element_type=\"column\">\n\t\t\t<div class=\"elementor-widget-wrap elementor-element-populated\">\n\t\t\t\t\t\t<div class=\"elementor-element elementor-element-6d8e2a4 elementor-widget elementor-widget-text-editor\" data-id=\"6d8e2a4\" data-element_type=\"widget\" data-widget_type=\"text-editor.default\">\n\t\t\t\t<div class=\"elementor-widget-container\">\n\t\t\t\t\t\t\t<p>disponible \u00e0 partir du 09\/04 \u00e0 18h<\/p><p>\ud83d\udcda <strong data-start=\"1134\" data-end=\"1169\">Disponible en format papier sur<\/strong> <a class=\"\" href=\"https:\/\/bwildshop.com\/livres\/263-un-chiot-a-la-maison-mode-d-emploi.html\" target=\"_new\" rel=\"noopener\" data-start=\"1170\" data-end=\"1212\"><strong data-start=\"1171\" data-end=\"1188\">bwildshop.com<\/strong><\/a> <strong data-start=\"1213\" data-end=\"1230\">et sur Amazon<\/strong><br data-start=\"1230\" data-end=\"1233\" \/>\ud83d\udcbb <strong data-start=\"1236\" data-end=\"1281\">Version num\u00e9rique disponible \u00e0 la demande<\/strong> : contactez-nous par mail \u00e0 <strong data-start=\"1310\" data-end=\"1339\"><a class=\"cursor-pointer\" rel=\"noopener\" data-start=\"1312\" data-end=\"1337\">cynowildacademy@gmail.com<\/a><\/strong><\/p>\t\t\t\t\t\t<\/div>\n\t\t\t\t<\/div>\n\t\t\t\t\t<\/div>\n\t\t<\/div>\n\t\t\t\t\t<\/div>\n\t\t<\/section>\n\t\t\t\t<\/div>\n\t\t","protected":false},"excerpt":{"rendered":"<p>Nos livres Bienvenue dans notre univers d\u2019ouvrages d\u00e9di\u00e9s \u00e0 la compr\u00e9hension et \u00e0 l\u2019\u00e9ducation bienveillante du chien. Chaque livre a \u00e9t\u00e9 pens\u00e9 pour vous accompagner au quotidien, que vous soyez futur adoptant, propri\u00e9taire exp\u00e9riment\u00e9 ou simplement passionn\u00e9 par nos compagnons \u00e0 quatre pattes. Vous y trouverez des conseils concrets, des explications claires et des outils&hellip;&nbsp;<a href=\"https:\/\/www.cynowildacademy.fr\/index.php\/nos-livres\/\" rel=\"bookmark\">Lire la suite &raquo;<span class=\"screen-reader-text\">Nos livres<\/span><\/a><\/p>\n","protected":false},"author":1,"featured_media":0,"parent":0,"menu_order":0,"comment_status":"closed","ping_status":"closed","template":"page-templates\/template-pagebuilder-full-width.php","meta":{"neve_meta_sidebar":"","neve_meta_container":"","neve_meta_enable_content_width":"","neve_meta_content_width":0,"neve_meta_title_alignment":"","neve_meta_author_avatar":"","neve_post_elements_order":"","neve_meta_disable_header":"","neve_meta_disable_footer":"","neve_meta_disable_title":"","footnotes":""},"class_list":["post-844","page","type-page","status-publish","hentry"],"_links":{"self":[{"href":"https:\/\/www.cynowildacademy.fr\/index.php\/wp-json\/wp\/v2\/pages\/844","targetHints":{"allow":["GET"]}}],"collection":[{"href":"https:\/\/www.cynowildacademy.fr\/index.php\/wp-json\/wp\/v2\/pages"}],"about":[{"href":"https:\/\/www.cynowildacademy.fr\/index.php\/wp-json\/wp\/v2\/types\/page"}],"author":[{"embeddable":true,"href":"https:\/\/www.cynowildacademy.fr\/index.php\/wp-json\/wp\/v2\/users\/1"}],"replies":[{"embeddable":true,"href":"https:\/\/www.cynowildacademy.fr\/index.php\/wp-json\/wp\/v2\/comments?post=844"}],"version-history":[{"count":8,"href":"https:\/\/www.cynowildacademy.fr\/index.php\/wp-json\/wp\/v2\/pages\/844\/revisions"}],"predecessor-version":[{"id":856,"href":"https:\/\/www.cynowildacademy.fr\/index.php\/wp-json\/wp\/v2\/pages\/844\/revisions\/856"}],"wp:attachment":[{"href":"https:\/\/www.cynowildacademy.fr\/index.php\/wp-json\/wp\/v2\/media?parent=844"}],"curies":[{"name":"wp","href":"https:\/\/api.w.org\/{rel}","templated":true}]}}