{"id":228,"date":"2021-09-01T08:28:24","date_gmt":"2021-09-01T06:28:24","guid":{"rendered":"https:\/\/www.cynowildacademy.fr\/?page_id=228"},"modified":"2026-03-03T15:31:41","modified_gmt":"2026-03-03T14:31:41","slug":"en-ligne","status":"publish","type":"page","link":"https:\/\/www.cynowildacademy.fr\/index.php\/en-ligne\/","title":{"rendered":"En ligne"},"content":{"rendered":"\t\t<div data-elementor-type=\"wp-page\" data-elementor-id=\"228\" class=\"elementor elementor-228\">\n\t\t\t\t\t\t<section class=\"elementor-section elementor-top-section elementor-element elementor-element-9f76331 elementor-section-boxed elementor-section-height-default elementor-section-height-default\" data-id=\"9f76331\" data-element_type=\"section\">\n\t\t\t\t\t\t<div class=\"elementor-container elementor-column-gap-default\">\n\t\t\t\t\t<div class=\"elementor-column elementor-col-100 elementor-top-column elementor-element elementor-element-872338c\" data-id=\"872338c\" data-element_type=\"column\">\n\t\t\t<div class=\"elementor-widget-wrap elementor-element-populated\">\n\t\t\t\t\t\t<div class=\"elementor-element elementor-element-7b83007 elementor-widget elementor-widget-heading\" data-id=\"7b83007\" data-element_type=\"widget\" data-widget_type=\"heading.default\">\n\t\t\t\t<div class=\"elementor-widget-container\">\n\t\t\t<style>\/*! elementor - v3.23.0 - 05-08-2024 *\/\n.elementor-heading-title{padding:0;margin:0;line-height:1}.elementor-widget-heading .elementor-heading-title[class*=elementor-size-]>a{color:inherit;font-size:inherit;line-height:inherit}.elementor-widget-heading .elementor-heading-title.elementor-size-small{font-size:15px}.elementor-widget-heading .elementor-heading-title.elementor-size-medium{font-size:19px}.elementor-widget-heading .elementor-heading-title.elementor-size-large{font-size:29px}.elementor-widget-heading .elementor-heading-title.elementor-size-xl{font-size:39px}.elementor-widget-heading .elementor-heading-title.elementor-size-xxl{font-size:59px}<\/style><h2 class=\"elementor-heading-title elementor-size-default\">Prestations en ligne<\/h2>\t\t<\/div>\n\t\t\t\t<\/div>\n\t\t\t\t\t<\/div>\n\t\t<\/div>\n\t\t\t\t\t<\/div>\n\t\t<\/section>\n\t\t\t\t<section class=\"elementor-section elementor-top-section elementor-element elementor-element-0339f94 elementor-section-boxed elementor-section-height-default elementor-section-height-default\" data-id=\"0339f94\" data-element_type=\"section\">\n\t\t\t\t\t\t<div class=\"elementor-container elementor-column-gap-default\">\n\t\t\t\t\t<div class=\"elementor-column elementor-col-100 elementor-top-column elementor-element elementor-element-39f63f0\" data-id=\"39f63f0\" data-element_type=\"column\">\n\t\t\t<div class=\"elementor-widget-wrap elementor-element-populated\">\n\t\t\t\t\t\t<div class=\"elementor-element elementor-element-a307985 elementor-widget elementor-widget-heading\" data-id=\"a307985\" data-element_type=\"widget\" data-widget_type=\"heading.default\">\n\t\t\t\t<div class=\"elementor-widget-container\">\n\t\t\t<h5 class=\"elementor-heading-title elementor-size-default\">Des formules adapt\u00e9es pour les ma\u00eetres d\u00e9bord\u00e9s ! Des rendez-vous t\u00e9l\u00e9phoniques afin de faire progresser votre chien.<\/h5>\t\t<\/div>\n\t\t\t\t<\/div>\n\t\t\t\t\t<\/div>\n\t\t<\/div>\n\t\t\t\t\t<\/div>\n\t\t<\/section>\n\t\t\t\t<section class=\"elementor-section elementor-top-section elementor-element elementor-element-d98b1ff elementor-section-boxed elementor-section-height-default elementor-section-height-default\" data-id=\"d98b1ff\" data-element_type=\"section\">\n\t\t\t\t\t\t<div class=\"elementor-container elementor-column-gap-default\">\n\t\t\t\t\t<div class=\"elementor-column elementor-col-100 elementor-top-column elementor-element elementor-element-fa9965b\" data-id=\"fa9965b\" data-element_type=\"column\">\n\t\t\t<div class=\"elementor-widget-wrap elementor-element-populated\">\n\t\t\t\t\t\t<div class=\"elementor-element elementor-element-2fabaed elementor-widget elementor-widget-heading\" data-id=\"2fabaed\" data-element_type=\"widget\" data-widget_type=\"heading.default\">\n\t\t\t\t<div class=\"elementor-widget-container\">\n\t\t\t<h6 class=\"elementor-heading-title elementor-size-default\">NB : il est possible de prendre rendez-vous les dimanches et jours f\u00e9ri\u00e9s en comptant un suppl\u00e9ment de 20% au tarif de la prestation de base<\/h6>\t\t<\/div>\n\t\t\t\t<\/div>\n\t\t\t\t\t<\/div>\n\t\t<\/div>\n\t\t\t\t\t<\/div>\n\t\t<\/section>\n\t\t\t\t<section class=\"elementor-section elementor-top-section elementor-element elementor-element-7d570b7 elementor-section-boxed elementor-section-height-default elementor-section-height-default\" data-id=\"7d570b7\" data-element_type=\"section\">\n\t\t\t\t\t\t<div class=\"elementor-container elementor-column-gap-default\">\n\t\t\t\t\t<div class=\"elementor-column elementor-col-50 elementor-top-column elementor-element elementor-element-c106f2a\" data-id=\"c106f2a\" data-element_type=\"column\">\n\t\t\t<div class=\"elementor-widget-wrap elementor-element-populated\">\n\t\t\t\t\t\t<div class=\"elementor-element elementor-element-1a64398 elementor-widget elementor-widget-image\" data-id=\"1a64398\" data-element_type=\"widget\" data-widget_type=\"image.default\">\n\t\t\t\t<div class=\"elementor-widget-container\">\n\t\t\t<style>\/*! elementor - v3.23.0 - 05-08-2024 *\/\n.elementor-widget-image{text-align:center}.elementor-widget-image a{display:inline-block}.elementor-widget-image a img[src$=\".svg\"]{width:48px}.elementor-widget-image img{vertical-align:middle;display:inline-block}<\/style>\t\t\t\t\t\t\t\t\t\t<img fetchpriority=\"high\" decoding=\"async\" width=\"1000\" height=\"1000\" src=\"https:\/\/www.cynowildacademy.fr\/wp-content\/uploads\/2021\/09\/image-10.png\" class=\"attachment-full size-full wp-image-233\" alt=\"\" srcset=\"https:\/\/www.cynowildacademy.fr\/wp-content\/uploads\/2021\/09\/image-10.png 1000w, https:\/\/www.cynowildacademy.fr\/wp-content\/uploads\/2021\/09\/image-10-300x300.png 300w, https:\/\/www.cynowildacademy.fr\/wp-content\/uploads\/2021\/09\/image-10-150x150.png 150w, https:\/\/www.cynowildacademy.fr\/wp-content\/uploads\/2021\/09\/image-10-768x768.png 768w\" sizes=\"(max-width: 1000px) 100vw, 1000px\" \/>\t\t\t\t\t\t\t\t\t\t\t\t\t<\/div>\n\t\t\t\t<\/div>\n\t\t\t\t\t<\/div>\n\t\t<\/div>\n\t\t\t\t<div class=\"elementor-column elementor-col-50 elementor-top-column elementor-element elementor-element-08479f7\" data-id=\"08479f7\" data-element_type=\"column\">\n\t\t\t<div class=\"elementor-widget-wrap elementor-element-populated\">\n\t\t\t\t\t\t<div class=\"elementor-element elementor-element-e58496a elementor-widget elementor-widget-text-editor\" data-id=\"e58496a\" data-element_type=\"widget\" data-widget_type=\"text-editor.default\">\n\t\t\t\t<div class=\"elementor-widget-container\">\n\t\t\t<style>\/*! elementor - v3.23.0 - 05-08-2024 *\/\n.elementor-widget-text-editor.elementor-drop-cap-view-stacked .elementor-drop-cap{background-color:#69727d;color:#fff}.elementor-widget-text-editor.elementor-drop-cap-view-framed .elementor-drop-cap{color:#69727d;border:3px solid;background-color:transparent}.elementor-widget-text-editor:not(.elementor-drop-cap-view-default) .elementor-drop-cap{margin-top:8px}.elementor-widget-text-editor:not(.elementor-drop-cap-view-default) .elementor-drop-cap-letter{width:1em;height:1em}.elementor-widget-text-editor .elementor-drop-cap{float:left;text-align:center;line-height:1;font-size:50px}.elementor-widget-text-editor .elementor-drop-cap-letter{display:inline-block}<\/style>\t\t\t\t<p><span style=\"text-decoration: underline;\"><strong>Bilan comportemental en ligne (1h)<\/strong><br \/><\/span><\/p><p>Comme pour un bilan comportemental en pr\u00e9sentiel, lors de ce 1er rendez-vous nous vous poserons une s\u00e9rie de questions afin d&rsquo;\u00e9tablir un diagnostic pour votre chien ainsi qu&rsquo;un plan d&rsquo;action. Nous ferons \u00e9galement un point sur le fonctionnement du chien, ses besoins et comment les remplir.<\/p><p><strong>Prix : 80\u20ac<\/strong><\/p><p>*Le bilan comportemental est obligatoire pour effectuer un suivi en ligne<\/p>\t\t\t\t\t\t<\/div>\n\t\t\t\t<\/div>\n\t\t\t\t\t<\/div>\n\t\t<\/div>\n\t\t\t\t\t<\/div>\n\t\t<\/section>\n\t\t\t\t<section class=\"elementor-section elementor-top-section elementor-element elementor-element-11518e3 elementor-section-boxed elementor-section-height-default elementor-section-height-default\" data-id=\"11518e3\" data-element_type=\"section\">\n\t\t\t\t\t\t<div class=\"elementor-container elementor-column-gap-default\">\n\t\t\t\t\t<div class=\"elementor-column elementor-col-50 elementor-top-column elementor-element elementor-element-bc7115f\" data-id=\"bc7115f\" data-element_type=\"column\">\n\t\t\t<div class=\"elementor-widget-wrap elementor-element-populated\">\n\t\t\t\t\t\t<div class=\"elementor-element elementor-element-fc45ac7 elementor-widget elementor-widget-image\" data-id=\"fc45ac7\" data-element_type=\"widget\" data-widget_type=\"image.default\">\n\t\t\t\t<div class=\"elementor-widget-container\">\n\t\t\t\t\t\t\t\t\t\t\t\t\t<img decoding=\"async\" width=\"1000\" height=\"1000\" src=\"https:\/\/www.cynowildacademy.fr\/wp-content\/uploads\/2021\/09\/image-11.png\" class=\"attachment-full size-full wp-image-239\" alt=\"\" srcset=\"https:\/\/www.cynowildacademy.fr\/wp-content\/uploads\/2021\/09\/image-11.png 1000w, https:\/\/www.cynowildacademy.fr\/wp-content\/uploads\/2021\/09\/image-11-300x300.png 300w, https:\/\/www.cynowildacademy.fr\/wp-content\/uploads\/2021\/09\/image-11-150x150.png 150w, https:\/\/www.cynowildacademy.fr\/wp-content\/uploads\/2021\/09\/image-11-768x768.png 768w\" sizes=\"(max-width: 1000px) 100vw, 1000px\" \/>\t\t\t\t\t\t\t\t\t\t\t\t\t<\/div>\n\t\t\t\t<\/div>\n\t\t\t\t\t<\/div>\n\t\t<\/div>\n\t\t\t\t<div class=\"elementor-column elementor-col-50 elementor-top-column elementor-element elementor-element-9161041\" data-id=\"9161041\" data-element_type=\"column\">\n\t\t\t<div class=\"elementor-widget-wrap elementor-element-populated\">\n\t\t\t\t\t\t<div class=\"elementor-element elementor-element-cdb3db6 elementor-widget elementor-widget-text-editor\" data-id=\"cdb3db6\" data-element_type=\"widget\" data-widget_type=\"text-editor.default\">\n\t\t\t\t<div class=\"elementor-widget-container\">\n\t\t\t\t\t\t\t<p><span style=\"text-decoration: underline;\"><strong>Suivi en ligne 1 mois<\/strong><\/span><\/p><p>Nous \u00e9tablirons ensemble un plan d&rsquo;action sur un mois avec des exercices \u00e0 r\u00e9aliser tous les jours. Pendant le suivi, nous restons \u00e0 votre disposition tous les jours par message pour r\u00e9pondre \u00e0 vos interrogations. Chaque semaine, nous ferons un point par t\u00e9l\u00e9phone (ou en visio) pour \u00e9tablir le programme de la semaine suivante, parler de vos progr\u00e8s\/des difficult\u00e9s rencontr\u00e9es etc.<\/p><p>*cette prestation comprend 4 appels t\u00e9l\u00e9phoniques d&rsquo;1h maximum et la d\u00e9livrance de 4 plans de travail. Les rendez-vous t\u00e9l\u00e9phoniques doivent \u00eatre effectu\u00e9s dans les 30 jours \u00e0 compter du premier appel.<\/p><p><strong>Prix : 120\u20ac<\/strong><\/p>\t\t\t\t\t\t<\/div>\n\t\t\t\t<\/div>\n\t\t\t\t\t<\/div>\n\t\t<\/div>\n\t\t\t\t\t<\/div>\n\t\t<\/section>\n\t\t\t\t<section class=\"elementor-section elementor-top-section elementor-element elementor-element-bef4b56 elementor-section-boxed elementor-section-height-default elementor-section-height-default\" data-id=\"bef4b56\" data-element_type=\"section\">\n\t\t\t\t\t\t<div class=\"elementor-container elementor-column-gap-default\">\n\t\t\t\t\t<div class=\"elementor-column elementor-col-50 elementor-top-column elementor-element elementor-element-c23780b\" data-id=\"c23780b\" data-element_type=\"column\">\n\t\t\t<div class=\"elementor-widget-wrap elementor-element-populated\">\n\t\t\t\t\t\t<div class=\"elementor-element elementor-element-abffaa8 elementor-widget elementor-widget-image\" data-id=\"abffaa8\" data-element_type=\"widget\" data-widget_type=\"image.default\">\n\t\t\t\t<div class=\"elementor-widget-container\">\n\t\t\t\t\t\t\t\t\t\t\t\t\t<img decoding=\"async\" width=\"1024\" height=\"1024\" src=\"https:\/\/www.cynowildacademy.fr\/wp-content\/uploads\/2022\/03\/sgry-1024x1024.png\" class=\"attachment-large size-large wp-image-490\" alt=\"\" srcset=\"https:\/\/www.cynowildacademy.fr\/wp-content\/uploads\/2022\/03\/sgry-1024x1024.png 1024w, https:\/\/www.cynowildacademy.fr\/wp-content\/uploads\/2022\/03\/sgry-300x300.png 300w, https:\/\/www.cynowildacademy.fr\/wp-content\/uploads\/2022\/03\/sgry-150x150.png 150w, https:\/\/www.cynowildacademy.fr\/wp-content\/uploads\/2022\/03\/sgry-768x768.png 768w, https:\/\/www.cynowildacademy.fr\/wp-content\/uploads\/2022\/03\/sgry-1536x1536.png 1536w, https:\/\/www.cynowildacademy.fr\/wp-content\/uploads\/2022\/03\/sgry-2048x2048.png 2048w\" sizes=\"(max-width: 1024px) 100vw, 1024px\" \/>\t\t\t\t\t\t\t\t\t\t\t\t\t<\/div>\n\t\t\t\t<\/div>\n\t\t\t\t\t<\/div>\n\t\t<\/div>\n\t\t\t\t<div class=\"elementor-column elementor-col-50 elementor-top-column elementor-element elementor-element-d517c5a\" data-id=\"d517c5a\" data-element_type=\"column\">\n\t\t\t<div class=\"elementor-widget-wrap elementor-element-populated\">\n\t\t\t\t\t\t<div class=\"elementor-element elementor-element-9d574f4 elementor-widget elementor-widget-text-editor\" data-id=\"9d574f4\" data-element_type=\"widget\" data-widget_type=\"text-editor.default\">\n\t\t\t\t<div class=\"elementor-widget-container\">\n\t\t\t\t\t\t\t<p><span style=\"text-decoration: underline;\"><strong>Suivi en ligne 2 mois<\/strong><\/span><\/p><p>Le suivi de 2 mois est bas\u00e9 sur le m\u00eame principe que le suivi 1 mois. Un plan de travail est d\u00e9livr\u00e9 toutes les 2 semaines avec des exercices \u00e0 r\u00e9aliser tous les jours. Nous faisons \u00e9galement un point par t\u00e9l\u00e9phone ou visio toutes les 2 semaines pour \u00e9tablir le programme des 2 semaines suivantes et discuter de vos progr\u00e8s\/difficult\u00e9s. Nous restons joignable par message pendant les 2 mois du suivi pour r\u00e9pondre \u00e0 vos interrogations.<\/p><p>*cette prestation comprend 4 appels t\u00e9l\u00e9phoniques d&rsquo;1h maximum et la d\u00e9livrance de 4 plans de travail. Les rendez-vous t\u00e9l\u00e9phoniques doivent \u00eatre effectu\u00e9s dans les 60 jours \u00e0 compter du premier appel.<\/p><p><strong>Prix : 160\u20ac<\/strong><\/p>\t\t\t\t\t\t<\/div>\n\t\t\t\t<\/div>\n\t\t\t\t\t<\/div>\n\t\t<\/div>\n\t\t\t\t\t<\/div>\n\t\t<\/section>\n\t\t\t\t<section class=\"elementor-section elementor-top-section elementor-element elementor-element-9313c39 elementor-section-boxed elementor-section-height-default elementor-section-height-default\" data-id=\"9313c39\" data-element_type=\"section\">\n\t\t\t\t\t\t<div class=\"elementor-container elementor-column-gap-default\">\n\t\t\t\t\t<div class=\"elementor-column elementor-col-50 elementor-top-column elementor-element elementor-element-9af8260\" data-id=\"9af8260\" data-element_type=\"column\">\n\t\t\t<div class=\"elementor-widget-wrap elementor-element-populated\">\n\t\t\t\t\t\t<div class=\"elementor-element elementor-element-ace8895 elementor-widget elementor-widget-image\" data-id=\"ace8895\" data-element_type=\"widget\" data-widget_type=\"image.default\">\n\t\t\t\t<div class=\"elementor-widget-container\">\n\t\t\t\t\t\t\t\t\t\t\t\t\t<img loading=\"lazy\" decoding=\"async\" width=\"1024\" height=\"1024\" src=\"https:\/\/www.cynowildacademy.fr\/wp-content\/uploads\/2022\/03\/jyy-1024x1024.png\" class=\"attachment-large size-large wp-image-492\" alt=\"\" srcset=\"https:\/\/www.cynowildacademy.fr\/wp-content\/uploads\/2022\/03\/jyy-1024x1024.png 1024w, https:\/\/www.cynowildacademy.fr\/wp-content\/uploads\/2022\/03\/jyy-300x300.png 300w, https:\/\/www.cynowildacademy.fr\/wp-content\/uploads\/2022\/03\/jyy-150x150.png 150w, https:\/\/www.cynowildacademy.fr\/wp-content\/uploads\/2022\/03\/jyy-768x768.png 768w, https:\/\/www.cynowildacademy.fr\/wp-content\/uploads\/2022\/03\/jyy-1536x1536.png 1536w, https:\/\/www.cynowildacademy.fr\/wp-content\/uploads\/2022\/03\/jyy-2048x2048.png 2048w\" sizes=\"(max-width: 1024px) 100vw, 1024px\" \/>\t\t\t\t\t\t\t\t\t\t\t\t\t<\/div>\n\t\t\t\t<\/div>\n\t\t\t\t\t<\/div>\n\t\t<\/div>\n\t\t\t\t<div class=\"elementor-column elementor-col-50 elementor-top-column elementor-element elementor-element-b4252a3\" data-id=\"b4252a3\" data-element_type=\"column\">\n\t\t\t<div class=\"elementor-widget-wrap elementor-element-populated\">\n\t\t\t\t\t\t<div class=\"elementor-element elementor-element-abfb1a0 elementor-widget elementor-widget-text-editor\" data-id=\"abfb1a0\" data-element_type=\"widget\" data-widget_type=\"text-editor.default\">\n\t\t\t\t<div class=\"elementor-widget-container\">\n\t\t\t\t\t\t\t<p><span style=\"text-decoration: underline;\"><strong>Suivi en ligne 1 semaine<\/strong><\/span><\/p><p>Vous souhaitez tester le suivi en ligne mais sur une plus courte dur\u00e9e ? Ou vous avez une probl\u00e9matique sp\u00e9cifique \u00e0 travailler sur une semaine seulement ? Nous \u00e9tablissons un plan de travail sur la semaine avec des exercices \u00e0 travailler tous les jours. Nous faisons un point par t\u00e9l\u00e9phone en fin de semaine afin de faire le point.<\/p><p><strong>Prix : 40\u20ac<\/strong><\/p>\t\t\t\t\t\t<\/div>\n\t\t\t\t<\/div>\n\t\t\t\t\t<\/div>\n\t\t<\/div>\n\t\t\t\t\t<\/div>\n\t\t<\/section>\n\t\t\t\t<section class=\"elementor-section elementor-top-section elementor-element elementor-element-5c48752 elementor-section-boxed elementor-section-height-default elementor-section-height-default\" data-id=\"5c48752\" data-element_type=\"section\">\n\t\t\t\t\t\t<div class=\"elementor-container elementor-column-gap-default\">\n\t\t\t\t\t<div class=\"elementor-column elementor-col-50 elementor-top-column elementor-element elementor-element-762001c\" data-id=\"762001c\" data-element_type=\"column\">\n\t\t\t<div class=\"elementor-widget-wrap elementor-element-populated\">\n\t\t\t\t\t\t<div class=\"elementor-element elementor-element-ceefde7 elementor-widget elementor-widget-image\" data-id=\"ceefde7\" data-element_type=\"widget\" data-widget_type=\"image.default\">\n\t\t\t\t<div class=\"elementor-widget-container\">\n\t\t\t\t\t\t\t\t\t\t\t\t\t<img loading=\"lazy\" decoding=\"async\" width=\"1024\" height=\"1024\" src=\"https:\/\/www.cynowildacademy.fr\/wp-content\/uploads\/2022\/03\/zghtu-1024x1024.png\" class=\"attachment-large size-large wp-image-493\" alt=\"\" srcset=\"https:\/\/www.cynowildacademy.fr\/wp-content\/uploads\/2022\/03\/zghtu-1024x1024.png 1024w, https:\/\/www.cynowildacademy.fr\/wp-content\/uploads\/2022\/03\/zghtu-300x300.png 300w, https:\/\/www.cynowildacademy.fr\/wp-content\/uploads\/2022\/03\/zghtu-150x150.png 150w, https:\/\/www.cynowildacademy.fr\/wp-content\/uploads\/2022\/03\/zghtu-768x768.png 768w, https:\/\/www.cynowildacademy.fr\/wp-content\/uploads\/2022\/03\/zghtu-1536x1536.png 1536w, https:\/\/www.cynowildacademy.fr\/wp-content\/uploads\/2022\/03\/zghtu-2048x2048.png 2048w\" sizes=\"(max-width: 1024px) 100vw, 1024px\" \/>\t\t\t\t\t\t\t\t\t\t\t\t\t<\/div>\n\t\t\t\t<\/div>\n\t\t\t\t\t<\/div>\n\t\t<\/div>\n\t\t\t\t<div class=\"elementor-column elementor-col-50 elementor-top-column elementor-element elementor-element-7781714\" data-id=\"7781714\" data-element_type=\"column\">\n\t\t\t<div class=\"elementor-widget-wrap elementor-element-populated\">\n\t\t\t\t\t\t<div class=\"elementor-element elementor-element-33c6cde elementor-widget elementor-widget-text-editor\" data-id=\"33c6cde\" data-element_type=\"widget\" data-widget_type=\"text-editor.default\">\n\t\t\t\t<div class=\"elementor-widget-container\">\n\t\t\t\t\t\t\t<p><span style=\"text-decoration: underline;\"><strong>Consultation t\u00e9l\u00e9phonique (1h)<\/strong><\/span><\/p><p>Vous avez des questions sp\u00e9cifiques et avez besoin d&rsquo;\u00eatre en contact avec un \u00e9ducateur canin pour vous r\u00e9pondre, vous rassurer ou vous aiguiller ? Cette prestation est faite pour vous (dur\u00e9e maximum 1h).<\/p><p><strong>Prix : 40\u20ac<\/strong><\/p>\t\t\t\t\t\t<\/div>\n\t\t\t\t<\/div>\n\t\t\t\t\t<\/div>\n\t\t<\/div>\n\t\t\t\t\t<\/div>\n\t\t<\/section>\n\t\t\t\t<section class=\"elementor-section elementor-top-section elementor-element elementor-element-065ab56 elementor-section-boxed elementor-section-height-default elementor-section-height-default\" data-id=\"065ab56\" data-element_type=\"section\">\n\t\t\t\t\t\t<div class=\"elementor-container elementor-column-gap-default\">\n\t\t\t\t\t<div class=\"elementor-column elementor-col-50 elementor-top-column elementor-element elementor-element-fe6afbd\" data-id=\"fe6afbd\" data-element_type=\"column\">\n\t\t\t<div class=\"elementor-widget-wrap elementor-element-populated\">\n\t\t\t\t\t\t<div class=\"elementor-element elementor-element-d7ba5b1 elementor-widget elementor-widget-image\" data-id=\"d7ba5b1\" data-element_type=\"widget\" data-widget_type=\"image.default\">\n\t\t\t\t<div class=\"elementor-widget-container\">\n\t\t\t\t\t\t\t\t\t\t\t\t\t<img loading=\"lazy\" decoding=\"async\" width=\"1024\" height=\"1024\" src=\"https:\/\/www.cynowildacademy.fr\/wp-content\/uploads\/2022\/03\/ojrhpr-1024x1024.png\" class=\"attachment-large size-large wp-image-501\" alt=\"\" srcset=\"https:\/\/www.cynowildacademy.fr\/wp-content\/uploads\/2022\/03\/ojrhpr-1024x1024.png 1024w, https:\/\/www.cynowildacademy.fr\/wp-content\/uploads\/2022\/03\/ojrhpr-300x300.png 300w, https:\/\/www.cynowildacademy.fr\/wp-content\/uploads\/2022\/03\/ojrhpr-150x150.png 150w, https:\/\/www.cynowildacademy.fr\/wp-content\/uploads\/2022\/03\/ojrhpr-768x768.png 768w, https:\/\/www.cynowildacademy.fr\/wp-content\/uploads\/2022\/03\/ojrhpr-1536x1536.png 1536w, https:\/\/www.cynowildacademy.fr\/wp-content\/uploads\/2022\/03\/ojrhpr-2048x2048.png 2048w\" sizes=\"(max-width: 1024px) 100vw, 1024px\" \/>\t\t\t\t\t\t\t\t\t\t\t\t\t<\/div>\n\t\t\t\t<\/div>\n\t\t\t\t\t<\/div>\n\t\t<\/div>\n\t\t\t\t<div class=\"elementor-column elementor-col-50 elementor-top-column elementor-element elementor-element-481475c\" data-id=\"481475c\" data-element_type=\"column\">\n\t\t\t<div class=\"elementor-widget-wrap elementor-element-populated\">\n\t\t\t\t\t\t<div class=\"elementor-element elementor-element-d9c2e44 elementor-widget elementor-widget-text-editor\" data-id=\"d9c2e44\" data-element_type=\"widget\" data-widget_type=\"text-editor.default\">\n\t\t\t\t<div class=\"elementor-widget-container\">\n\t\t\t\t\t\t\t<p><span style=\"text-decoration: underline;\"><strong>Consultation t\u00e9l\u00e9phonique pr\u00e9-adoption (1h)<\/strong><\/span><\/p><p>Choisir son futur compagnon de vie n&rsquo;est pas toujours aussi \u00e9vident qu&rsquo;il n&rsquo;y para\u00eet ! Bien choisir son chien, c&rsquo;est s&rsquo;assurer d&rsquo;\u00e9viter de nombreux probl\u00e8mes par la suite. On sous-estime trop souvent cette \u00e9tape qui pourtant est cruciale et d\u00e9termine tant de choses par la suite (pour parfois 15 ans voire plus&#8230;). Est-ce que la race choisie convient \u00e0 votre mode de vie ? O\u00f9 prendre mon chien ? Comment choisir mon \u00e9leveur ? Autant de questions dont nous pourrons discuter au t\u00e9l\u00e9phone. Apr\u00e8s notre entretien t\u00e9l\u00e9phonique, un PDF vous sera d\u00e9livr\u00e9 avec nos conseils cl\u00e9s pour \u00eatre s\u00fbr de faire le bon choix.<\/p><p><strong>Prix : 50\u20ac<\/strong><\/p>\t\t\t\t\t\t<\/div>\n\t\t\t\t<\/div>\n\t\t\t\t\t<\/div>\n\t\t<\/div>\n\t\t\t\t\t<\/div>\n\t\t<\/section>\n\t\t\t\t<section class=\"elementor-section elementor-top-section elementor-element elementor-element-3c5aa3e elementor-section-boxed elementor-section-height-default elementor-section-height-default\" data-id=\"3c5aa3e\" data-element_type=\"section\">\n\t\t\t\t\t\t<div class=\"elementor-container elementor-column-gap-default\">\n\t\t\t\t\t<div class=\"elementor-column elementor-col-100 elementor-top-column elementor-element elementor-element-91536d5\" data-id=\"91536d5\" data-element_type=\"column\">\n\t\t\t<div class=\"elementor-widget-wrap elementor-element-populated\">\n\t\t\t\t\t\t<div class=\"elementor-element elementor-element-467347f elementor-align-center elementor-widget elementor-widget-button\" data-id=\"467347f\" data-element_type=\"widget\" data-widget_type=\"button.default\">\n\t\t\t\t<div class=\"elementor-widget-container\">\n\t\t\t\t\t<div class=\"elementor-button-wrapper\">\n\t\t\t<a class=\"elementor-button elementor-button-link elementor-size-lg\" href=\"https:\/\/www.cynowildacademy.fr\/index.php\/elementor-43\/\">\n\t\t\t\t\t\t<span class=\"elementor-button-content-wrapper\">\n\t\t\t\t\t\t\t\t\t<span class=\"elementor-button-text\">Je r\u00e9serve ma s\u00e9ance<\/span>\n\t\t\t\t\t<\/span>\n\t\t\t\t\t<\/a>\n\t\t<\/div>\n\t\t\t\t<\/div>\n\t\t\t\t<\/div>\n\t\t\t\t\t<\/div>\n\t\t<\/div>\n\t\t\t\t\t<\/div>\n\t\t<\/section>\n\t\t\t\t<\/div>\n\t\t","protected":false},"excerpt":{"rendered":"<p>Prestations en ligne Des formules adapt\u00e9es pour les ma\u00eetres d\u00e9bord\u00e9s ! Des rendez-vous t\u00e9l\u00e9phoniques afin de faire progresser votre chien. NB : il est possible de prendre rendez-vous les dimanches et jours f\u00e9ri\u00e9s en comptant un suppl\u00e9ment de 20% au tarif de la prestation de base Bilan comportemental en ligne (1h) Comme pour un bilan&hellip;&nbsp;<a href=\"https:\/\/www.cynowildacademy.fr\/index.php\/en-ligne\/\" rel=\"bookmark\">Lire la suite &raquo;<span class=\"screen-reader-text\">En ligne<\/span><\/a><\/p>\n","protected":false},"author":1,"featured_media":0,"parent":0,"menu_order":0,"comment_status":"closed","ping_status":"closed","template":"page-templates\/template-pagebuilder-full-width.php","meta":{"neve_meta_sidebar":"","neve_meta_container":"","neve_meta_enable_content_width":"","neve_meta_content_width":0,"neve_meta_title_alignment":"","neve_meta_author_avatar":"","neve_post_elements_order":"","neve_meta_disable_header":"","neve_meta_disable_footer":"","neve_meta_disable_title":"","footnotes":""},"class_list":["post-228","page","type-page","status-publish","hentry"],"_links":{"self":[{"href":"https:\/\/www.cynowildacademy.fr\/index.php\/wp-json\/wp\/v2\/pages\/228","targetHints":{"allow":["GET"]}}],"collection":[{"href":"https:\/\/www.cynowildacademy.fr\/index.php\/wp-json\/wp\/v2\/pages"}],"about":[{"href":"https:\/\/www.cynowildacademy.fr\/index.php\/wp-json\/wp\/v2\/types\/page"}],"author":[{"embeddable":true,"href":"https:\/\/www.cynowildacademy.fr\/index.php\/wp-json\/wp\/v2\/users\/1"}],"replies":[{"embeddable":true,"href":"https:\/\/www.cynowildacademy.fr\/index.php\/wp-json\/wp\/v2\/comments?post=228"}],"version-history":[{"count":50,"href":"https:\/\/www.cynowildacademy.fr\/index.php\/wp-json\/wp\/v2\/pages\/228\/revisions"}],"predecessor-version":[{"id":962,"href":"https:\/\/www.cynowildacademy.fr\/index.php\/wp-json\/wp\/v2\/pages\/228\/revisions\/962"}],"wp:attachment":[{"href":"https:\/\/www.cynowildacademy.fr\/index.php\/wp-json\/wp\/v2\/media?parent=228"}],"curies":[{"name":"wp","href":"https:\/\/api.w.org\/{rel}","templated":true}]}}